{"id":39,"date":"2025-01-03T16:24:22","date_gmt":"2025-01-03T15:24:22","guid":{"rendered":"https:\/\/sos-monmaster.fr\/?page_id=39"},"modified":"2025-01-31T10:52:39","modified_gmt":"2025-01-31T09:52:39","slug":"foire-aux-questions","status":"publish","type":"page","link":"https:\/\/sos-monmaster.fr\/index.php\/foire-aux-questions\/","title":{"rendered":"Foire aux questions"},"content":{"rendered":"\n<ul class=\"wp-block-list\">\n<li class=\"has-background-color has-text-color has-link-color has-medium-font-size wp-elements-7bcc97259b4e4e54ff6d828448eb3b10\"><a href=\"https:\/\/sos-monmaster.fr\/index.php\/2025\/01\/23\/quest-ce-que-monmaster\/\">Qu\u2019est-ce que MonMaster ?<\/a>&nbsp;<\/li>\n\n\n\n<li class=\"has-background-color has-text-color has-link-color has-medium-font-size wp-elements-a987fb5c7ddbed972b811d01b0122502\"><a href=\"https:\/\/sos-monmaster.fr\/index.php\/2025\/01\/03\/qui-peut-candidater-en-master\/\" data-type=\"post\" data-id=\"56\">Qui peut candidater en Master ?\u202f<\/a><\/li>\n\n\n\n<li class=\"has-background-color has-text-color has-link-color has-medium-font-size wp-elements-76c5bdc220242707797926cdb723aeea\"><a href=\"https:\/\/sos-monmaster.fr\/index.php\/2025\/01\/23\/je-suis-deja-en-m1-et-je-souhaite-acceder-a-un-autre-m1\/\">Je suis d\u00e9j\u00e0 en M1 et je souhaite acc\u00e9der \u00e0 un autre M1<\/a><\/li>\n\n\n\n<li class=\"has-background-color has-text-color has-link-color has-medium-font-size wp-elements-852453754e65a720e089eb5ac0f0ce45\"><a data-type=\"post\" data-id=\"65\" href=\"https:\/\/sos-monmaster.fr\/index.php\/2025\/01\/03\/comment-candidater-en-deuxieme-annee-de-master-m2\/\">Comment candidater en deuxi\u00e8me ann\u00e9e de Master (M2) ?<\/a><\/li>\n\n\n\n<li class=\"has-background-color has-text-color has-link-color has-medium-font-size wp-elements-e67d68e6441ac5e94f029314baf5e99f\"><a data-type=\"post\" data-id=\"68\" href=\"https:\/\/sos-monmaster.fr\/index.php\/2025\/01\/03\/candidat-e-en-situation-de-handicap\/\">Candidat.e en situation de handicap<\/a><\/li>\n\n\n\n<li class=\"has-background-color has-text-color has-link-color has-medium-font-size wp-elements-533b4168175cc47a69a199ed3d7f2ab2\"><a href=\"https:\/\/sos-monmaster.fr\/index.php\/2025\/01\/03\/problemes-de-connexion\/\">Je n\u2019arrive pas \u00e0 me connecter \u00e0 mon compte MonMaster\/il y a un bug de la plateforme&nbsp;<\/a><\/li>\n\n\n\n<li class=\"has-background-color has-text-color has-link-color has-medium-font-size wp-elements-07d007b0cb93a8a436e6bd8e0f94f3e0\"><a href=\"https:\/\/sos-monmaster.fr\/index.php\/2025\/01\/23\/jai-perdu-le-mot-de-passe-de-mon-compte-monmaster\/\">J&rsquo;ai perdu le mot de passe de mon compte MonMaster<\/a><\/li>\n\n\n\n<li class=\"has-background-color has-text-color has-link-color has-medium-font-size wp-elements-0aa948349bcbeda6083eccd21d897c32\"><a href=\"https:\/\/sos-monmaster.fr\/index.php\/2025\/01\/23\/quest-ce-que-line-comment-le-trouver\/\">Qu\u2019est ce que l\u2019INE , comment le trouver ?&nbsp;<\/a><\/li>\n\n\n\n<li class=\"has-background-color has-text-color has-link-color has-medium-font-size wp-elements-e372992fe9793c9d7b24ab4cea704ca1\"><a href=\"https:\/\/sos-monmaster.fr\/index.php\/2025\/01\/23\/est-ce-que-je-dois-confirmer-mes-voeux-pour-quils-soient-pris-en-compte\/\">Est-ce que je dois confirmer mes voeux pour qu\u2019ils soient pris en compte ?&nbsp;&nbsp;<\/a><\/li>\n\n\n\n<li class=\"has-background-color has-text-color has-link-color has-medium-font-size wp-elements-fa2eb164b155303de96396aa67b11b91\"><a href=\"https:\/\/sos-monmaster.fr\/index.php\/2025\/01\/23\/je-me-suis-trompee-dans-mes-voeux-est-ce-que-je-peux-les-changer\/\">Je me suis tromp\u00e9E dans mes voeux, est-ce que je peux les changer ?<\/a><\/li>\n\n\n\n<li class=\"has-background-color has-text-color has-link-color wp-elements-5697744a4820480278d78411b578293c\"><a href=\"https:\/\/sos-monmaster.fr\/index.php\/2025\/01\/31\/quels-sont-les-delais-pour-repondre-a-une-proposition-dadmission\/\">Quels sont les d\u00e9lais pour r\u00e9pondre \u00e0 une proposition d\u2019admission\u00a0?<\/a><\/li>\n\n\n\n<li class=\"has-background-color has-text-color has-link-color has-medium-font-size wp-elements-67ffedb88da8a3f79769161646868218\" style=\"font-style:normal;font-weight:800\">Alternance\n<ul class=\"wp-block-list\">\n<li style=\"font-style:normal;font-weight:400\"><a href=\"https:\/\/sos-monmaster.fr\/index.php\/2025\/01\/23\/jai-ete-place-en-recherche-de-contrat-quest-ce-que-cela-signifie\/\">J\u2019ai \u00e9t\u00e9 plac\u00e9 en recherche de contrat, qu\u2019est-ce que cela signifie ?<\/a><\/li>\n\n\n\n<li style=\"font-style:normal;font-weight:400\"><a href=\"https:\/\/sos-monmaster.fr\/index.php\/2025\/01\/23\/quand-arrivent-les-reponses-pour-les-formations-en-alternance\/\">Quand arrivent les r\u00e9ponses pour les formations en alternance ?&nbsp;<\/a><\/li>\n\n\n\n<li style=\"font-style:normal;font-weight:400\"><a href=\"https:\/\/sos-monmaster.fr\/index.php\/2025\/01\/23\/comment-fonctionne-la-liste-dattente-pour-les-formations-en-alternance\/\">Comment fonctionne la liste d\u2019attente pour les formations en alternance ?&nbsp;<\/a><\/li>\n<\/ul>\n<\/li>\n\n\n\n<li class=\"has-background-color has-text-color has-link-color has-medium-font-size wp-elements-1c74efe4b010d21494d2d4eeb2d17f02\"><a href=\"https:\/\/sos-monmaster.fr\/index.php\/2025\/01\/23\/quelles-formations-seront-concernees-par-la-phase-complementaire\/\">Quelles formations seront concern\u00e9es par la phase compl\u00e9mentaire ?<\/a><\/li>\n\n\n\n<li class=\"has-background-color has-text-color has-link-color has-medium-font-size wp-elements-9dbe5fb23eb96bddddd297e442dacdf2\"><a href=\"https:\/\/sos-monmaster.fr\/index.php\/2025\/01\/23\/qui-est-concernee-par-la-phase-complementaire\/\">Qui est concern\u00e9E par la phase compl\u00e9mentaire ?&nbsp;&nbsp;<\/a><\/li>\n\n\n\n<li class=\"has-background-color has-text-color has-link-color has-medium-font-size wp-elements-fa47e41bf18c1ceb159ef0ca4ecec3b0\"><a href=\"https:\/\/sos-monmaster.fr\/index.php\/2025\/01\/23\/comment-fonctionne-la-phase-complementaire\/\">Comment fonctionne la phase compl\u00e9mentaire ?&nbsp;&nbsp;<\/a><\/li>\n\n\n\n<li class=\"has-background-color has-text-color has-link-color has-medium-font-size wp-elements-8393e9882278b95b476e73fba958549d\"><a href=\"https:\/\/sos-monmaster.fr\/index.php\/2025\/01\/23\/et-apres-la-phase-complementaire-que-se-passe-t-il\/\">Et apr\u00e8s la phase compl\u00e9mentaire que se passe-t-il ?&nbsp;<\/a><\/li>\n\n\n\n<li class=\"has-background-color has-text-color has-link-color has-medium-font-size wp-elements-ecb770b043dc6a16170b245ca10c55b5\"><a href=\"https:\/\/sos-monmaster.fr\/index.php\/2025\/01\/03\/a-combien-de-formations-est-ce-que-je-peux-candidater\/\">\u00c0 combien de formations est-ce que je peux candidater\u202f?&nbsp;<\/a><\/li>\n\n\n\n<li class=\"has-background-color has-text-color has-link-color has-medium-font-size wp-elements-4cee397d1570f2f226c655c60871cc39\"><a data-type=\"post\" data-id=\"48\" href=\"https:\/\/sos-monmaster.fr\/index.php\/2025\/01\/03\/quand-tombent-les-reponses-des-etablissements-qui-peut-candidater-en-master\/\">Quand tombent les r\u00e9ponses des \u00e9tablissements\u202f?<\/a><\/li>\n\n\n\n<li class=\"has-background-color has-text-color has-link-color has-medium-font-size wp-elements-990a19d63517e294004ddd7f85823d7c\"><a href=\"https:\/\/sos-monmaster.fr\/index.php\/2025\/01\/03\/que-faire-si-jai-ete-refuse-dans-les-masters-que-je-voulais\/\" data-type=\"post\" data-id=\"61\">Que faire si j\u2019ai \u00e9t\u00e9 refus\u00e9 dans les masters que je voulais\u202f?<\/a><\/li>\n\n\n\n<li class=\"has-background-color has-text-color has-link-color has-medium-font-size wp-elements-a4c4fef14eccca35d79a226fe641a889\"><a data-type=\"post\" data-id=\"63\" href=\"https:\/\/sos-monmaster.fr\/index.php\/2025\/01\/03\/mais-que-faire-suivant-les-reponses-des-etablissements\/\">Mais que faire suivant les r\u00e9ponses des \u00e9tablissements\u202f?<\/a><\/li>\n<\/ul>\n\n\n\n<br><br><br><br>\n","protected":false},"excerpt":{"rendered":"","protected":false},"author":1,"featured_media":0,"parent":0,"menu_order":0,"comment_status":"closed","ping_status":"closed","template":"","meta":{"footnotes":""},"class_list":["post-39","page","type-page","status-publish","hentry"],"yoast_head":"<!-- This site is optimized with the Yoast SEO plugin v24.1 - https:\/\/yoast.com\/wordpress\/plugins\/seo\/ -->\n<title>Foire aux questions - SOS Mon Master<\/title>\n<meta name=\"robots\" content=\"index, follow, max-snippet:-1, max-image-preview:large, max-video-preview:-1\" \/>\n<link rel=\"canonical\" href=\"http:\/\/sos-monmaster.fr\/index.php\/foire-aux-questions\/\" \/>\n<meta property=\"og:locale\" content=\"fr_FR\" \/>\n<meta property=\"og:type\" content=\"article\" \/>\n<meta property=\"og:title\" content=\"Foire aux questions - SOS Mon Master\" \/>\n<meta property=\"og:url\" content=\"http:\/\/sos-monmaster.fr\/index.php\/foire-aux-questions\/\" \/>\n<meta property=\"og:site_name\" content=\"SOS Mon Master\" \/>\n<meta property=\"article:publisher\" content=\"https:\/\/www.facebook.com\/fage.org\" \/>\n<meta property=\"article:modified_time\" content=\"2025-01-31T09:52:39+00:00\" \/>\n<meta name=\"twitter:card\" content=\"summary_large_image\" \/>\n<meta name=\"twitter:site\" content=\"@La_FAGE\" \/>\n<meta name=\"twitter:label1\" content=\"Dur\u00e9e de lecture estim\u00e9e\" \/>\n\t<meta name=\"twitter:data1\" content=\"2 minutes\" \/>\n<script type=\"application\/ld+json\" class=\"yoast-schema-graph\">{\"@context\":\"https:\/\/schema.org\",\"@graph\":[{\"@type\":\"WebPage\",\"@id\":\"http:\/\/sos-monmaster.fr\/index.php\/foire-aux-questions\/\",\"url\":\"http:\/\/sos-monmaster.fr\/index.php\/foire-aux-questions\/\",\"name\":\"Foire aux questions - SOS Mon Master\",\"isPartOf\":{\"@id\":\"http:\/\/sos-monmaster.fr\/#website\"},\"datePublished\":\"2025-01-03T15:24:22+00:00\",\"dateModified\":\"2025-01-31T09:52:39+00:00\",\"breadcrumb\":{\"@id\":\"http:\/\/sos-monmaster.fr\/index.php\/foire-aux-questions\/#breadcrumb\"},\"inLanguage\":\"fr-FR\",\"potentialAction\":[{\"@type\":\"ReadAction\",\"target\":[\"http:\/\/sos-monmaster.fr\/index.php\/foire-aux-questions\/\"]}]},{\"@type\":\"BreadcrumbList\",\"@id\":\"http:\/\/sos-monmaster.fr\/index.php\/foire-aux-questions\/#breadcrumb\",\"itemListElement\":[{\"@type\":\"ListItem\",\"position\":1,\"name\":\"Accueil\",\"item\":\"http:\/\/sos-monmaster.fr\/\"},{\"@type\":\"ListItem\",\"position\":2,\"name\":\"Foire aux questions\"}]},{\"@type\":\"WebSite\",\"@id\":\"http:\/\/sos-monmaster.fr\/#website\",\"url\":\"http:\/\/sos-monmaster.fr\/\",\"name\":\"SOS Mon Master\",\"description\":\"\",\"publisher\":{\"@id\":\"http:\/\/sos-monmaster.fr\/#organization\"},\"potentialAction\":[{\"@type\":\"SearchAction\",\"target\":{\"@type\":\"EntryPoint\",\"urlTemplate\":\"http:\/\/sos-monmaster.fr\/?s={search_term_string}\"},\"query-input\":{\"@type\":\"PropertyValueSpecification\",\"valueRequired\":true,\"valueName\":\"search_term_string\"}}],\"inLanguage\":\"fr-FR\"},{\"@type\":\"Organization\",\"@id\":\"http:\/\/sos-monmaster.fr\/#organization\",\"name\":\"SOS Mon Master\",\"url\":\"http:\/\/sos-monmaster.fr\/\",\"logo\":{\"@type\":\"ImageObject\",\"inLanguage\":\"fr-FR\",\"@id\":\"http:\/\/sos-monmaster.fr\/#\/schema\/logo\/image\/\",\"url\":\"https:\/\/sos-monmaster.fr\/wp-content\/uploads\/2025\/01\/cropped-SOS-MON-MASTER-Logo-colore.png\",\"contentUrl\":\"https:\/\/sos-monmaster.fr\/wp-content\/uploads\/2025\/01\/cropped-SOS-MON-MASTER-Logo-colore.png\",\"width\":512,\"height\":512,\"caption\":\"SOS Mon Master\"},\"image\":{\"@id\":\"http:\/\/sos-monmaster.fr\/#\/schema\/logo\/image\/\"},\"sameAs\":[\"https:\/\/www.facebook.com\/fage.org\",\"https:\/\/x.com\/La_FAGE\"]}]}<\/script>\n<!-- \/ Yoast SEO plugin. -->","yoast_head_json":{"title":"Foire aux questions - SOS Mon Master","robots":{"index":"index","follow":"follow","max-snippet":"max-snippet:-1","max-image-preview":"max-image-preview:large","max-video-preview":"max-video-preview:-1"},"canonical":"http:\/\/sos-monmaster.fr\/index.php\/foire-aux-questions\/","og_locale":"fr_FR","og_type":"article","og_title":"Foire aux questions - SOS Mon Master","og_url":"http:\/\/sos-monmaster.fr\/index.php\/foire-aux-questions\/","og_site_name":"SOS Mon Master","article_publisher":"https:\/\/www.facebook.com\/fage.org","article_modified_time":"2025-01-31T09:52:39+00:00","twitter_card":"summary_large_image","twitter_site":"@La_FAGE","twitter_misc":{"Dur\u00e9e de lecture estim\u00e9e":"2 minutes"},"schema":{"@context":"https:\/\/schema.org","@graph":[{"@type":"WebPage","@id":"http:\/\/sos-monmaster.fr\/index.php\/foire-aux-questions\/","url":"http:\/\/sos-monmaster.fr\/index.php\/foire-aux-questions\/","name":"Foire aux questions - SOS Mon Master","isPartOf":{"@id":"http:\/\/sos-monmaster.fr\/#website"},"datePublished":"2025-01-03T15:24:22+00:00","dateModified":"2025-01-31T09:52:39+00:00","breadcrumb":{"@id":"http:\/\/sos-monmaster.fr\/index.php\/foire-aux-questions\/#breadcrumb"},"inLanguage":"fr-FR","potentialAction":[{"@type":"ReadAction","target":["http:\/\/sos-monmaster.fr\/index.php\/foire-aux-questions\/"]}]},{"@type":"BreadcrumbList","@id":"http:\/\/sos-monmaster.fr\/index.php\/foire-aux-questions\/#breadcrumb","itemListElement":[{"@type":"ListItem","position":1,"name":"Accueil","item":"http:\/\/sos-monmaster.fr\/"},{"@type":"ListItem","position":2,"name":"Foire aux questions"}]},{"@type":"WebSite","@id":"http:\/\/sos-monmaster.fr\/#website","url":"http:\/\/sos-monmaster.fr\/","name":"SOS Mon Master","description":"","publisher":{"@id":"http:\/\/sos-monmaster.fr\/#organization"},"potentialAction":[{"@type":"SearchAction","target":{"@type":"EntryPoint","urlTemplate":"http:\/\/sos-monmaster.fr\/?s={search_term_string}"},"query-input":{"@type":"PropertyValueSpecification","valueRequired":true,"valueName":"search_term_string"}}],"inLanguage":"fr-FR"},{"@type":"Organization","@id":"http:\/\/sos-monmaster.fr\/#organization","name":"SOS Mon Master","url":"http:\/\/sos-monmaster.fr\/","logo":{"@type":"ImageObject","inLanguage":"fr-FR","@id":"http:\/\/sos-monmaster.fr\/#\/schema\/logo\/image\/","url":"https:\/\/sos-monmaster.fr\/wp-content\/uploads\/2025\/01\/cropped-SOS-MON-MASTER-Logo-colore.png","contentUrl":"https:\/\/sos-monmaster.fr\/wp-content\/uploads\/2025\/01\/cropped-SOS-MON-MASTER-Logo-colore.png","width":512,"height":512,"caption":"SOS Mon Master"},"image":{"@id":"http:\/\/sos-monmaster.fr\/#\/schema\/logo\/image\/"},"sameAs":["https:\/\/www.facebook.com\/fage.org","https:\/\/x.com\/La_FAGE"]}]}},"_links":{"self":[{"href":"https:\/\/sos-monmaster.fr\/index.php\/wp-json\/wp\/v2\/pages\/39","targetHints":{"allow":["GET"]}}],"collection":[{"href":"https:\/\/sos-monmaster.fr\/index.php\/wp-json\/wp\/v2\/pages"}],"about":[{"href":"https:\/\/sos-monmaster.fr\/index.php\/wp-json\/wp\/v2\/types\/page"}],"author":[{"embeddable":true,"href":"https:\/\/sos-monmaster.fr\/index.php\/wp-json\/wp\/v2\/users\/1"}],"replies":[{"embeddable":true,"href":"https:\/\/sos-monmaster.fr\/index.php\/wp-json\/wp\/v2\/comments?post=39"}],"version-history":[{"count":7,"href":"https:\/\/sos-monmaster.fr\/index.php\/wp-json\/wp\/v2\/pages\/39\/revisions"}],"predecessor-version":[{"id":125,"href":"https:\/\/sos-monmaster.fr\/index.php\/wp-json\/wp\/v2\/pages\/39\/revisions\/125"}],"wp:attachment":[{"href":"https:\/\/sos-monmaster.fr\/index.php\/wp-json\/wp\/v2\/media?parent=39"}],"curies":[{"name":"wp","href":"https:\/\/api.w.org\/{rel}","templated":true}]}}